{"id":2748,"date":"2019-05-16T20:55:36","date_gmt":"2019-05-16T20:55:36","guid":{"rendered":"http:\/\/www.cargasmincho.cr\/contenido\/?page_id=2748"},"modified":"2019-05-16T20:56:24","modified_gmt":"2019-05-16T20:56:24","slug":"fundacion-de-la-compania","status":"publish","type":"page","link":"http:\/\/www.cargasmincho.cr\/contenido\/fundacion-de-la-compania\/","title":{"rendered":"Fundacion de la compa\u00f1ia"},"content":{"rendered":"<p>Cargas Especiales Mincho, naci\u00f3 en el a\u00f1o 1994 cuando su propietario Geovanni Quesada Araya (Mincho) adquiere su primer lowboy, como una necesidad de movilizar maquinaria pesada de la empresa de su familia. Por esa escasez de equipo y la demanda importante que empezaba a crecer en torno a esta rama, decide involucrarse de lleno con el transporte de cargas con sobrepeso; seguidamente adquiere el nombre de Cargas Especiales Mincho, que tanto lo caracteriza. Nuestro \u00e9xito en este campo de especializaci\u00f3n pronto nos convirti\u00f3 en el primer operador en aportar soluciones innovadoras para el transporte de cargas especiales, ahora con sobrepeso y sobredimensiones. Esta experiencia adquirida con el tiempo y que va creciendo de la mano con el desarrollo del pa\u00eds, es lo que nos ha permitido movilizar diferentes cargas que van desde cargas convencionales hasta estructuras para proyectos e\u00f3licos, generadores el\u00e9ctricos y grandes obras como puentes y carreteras, entre otros. Gracias a la innovaci\u00f3n que tanto identifica a esta empresa y al compromiso de los trabajadores y su propietario hemos alcanzado un excelente nivel de servicio en el mercado, generando un impacto importante en el manejo de cargas especiales a nivel nacional e internacional.<\/p>\n","protected":false},"excerpt":{"rendered":"<p>Cargas Especiales Mincho, naci\u00f3 en el a\u00f1o 1994 cuando su propietario Geovanni Quesada Araya (Mincho) adquiere su primer lowboy, como una necesidad de movilizar maquinaria pesada de la empresa de su familia. Por esa escasez de equipo y la demanda importante que empezaba a crecer en torno a esta rama, decide involucrarse de lleno con el transporte de cargas con&nbsp;<a href=\"http:\/\/www.cargasmincho.cr\/contenido\/fundacion-de-la-compania\/\" class=\"read-more\">Seguir leyendo<\/a><\/p>\n","protected":false},"author":2,"featured_media":0,"parent":0,"menu_order":0,"comment_status":"closed","ping_status":"closed","template":"page-fullwidth.php","meta":{"footnotes":""},"class_list":["post-2748","page","type-page","status-publish","hentry"],"yoast_head":"<!-- This site is optimized with the Yoast SEO plugin v25.1 - https:\/\/yoast.com\/wordpress\/plugins\/seo\/ -->\n<title>Fundacion de la compa\u00f1ia |<\/title>\n<meta name=\"robots\" content=\"index, follow, max-snippet:-1, max-image-preview:large, max-video-preview:-1\" \/>\n<link rel=\"canonical\" href=\"http:\/\/www.cargasmincho.cr\/contenido\/fundacion-de-la-compania\/\" \/>\n<meta property=\"og:locale\" content=\"es_ES\" \/>\n<meta property=\"og:type\" content=\"article\" \/>\n<meta property=\"og:title\" content=\"Fundacion de la compa\u00f1ia |\" \/>\n<meta property=\"og:description\" content=\"Cargas Especiales Mincho, naci\u00f3 en el a\u00f1o 1994 cuando su propietario Geovanni Quesada Araya (Mincho) adquiere su primer lowboy, como una necesidad de movilizar maquinaria pesada de la empresa de su familia. Por esa escasez de equipo y la demanda importante que empezaba a crecer en torno a esta rama, decide involucrarse de lleno con el transporte de cargas con&nbsp;Seguir leyendo\" \/>\n<meta property=\"og:url\" content=\"http:\/\/www.cargasmincho.cr\/contenido\/fundacion-de-la-compania\/\" \/>\n<meta property=\"og:site_name\" content=\"Cargas Mincho\" \/>\n<meta property=\"article:modified_time\" content=\"2019-05-16T20:56:24+00:00\" \/>\n<meta name=\"twitter:card\" content=\"summary_large_image\" \/>\n<meta name=\"twitter:label1\" content=\"Tiempo de lectura\" \/>\n\t<meta name=\"twitter:data1\" content=\"1 minuto\" \/>\n<script type=\"application\/ld+json\" class=\"yoast-schema-graph\">{\"@context\":\"https:\/\/schema.org\",\"@graph\":[{\"@type\":\"WebPage\",\"@id\":\"http:\/\/www.cargasmincho.cr\/contenido\/fundacion-de-la-compania\/\",\"url\":\"http:\/\/www.cargasmincho.cr\/contenido\/fundacion-de-la-compania\/\",\"name\":\"Fundacion de la compa\u00f1ia |\",\"isPartOf\":{\"@id\":\"http:\/\/www.cargasmincho.cr\/contenido\/#website\"},\"datePublished\":\"2019-05-16T20:55:36+00:00\",\"dateModified\":\"2019-05-16T20:56:24+00:00\",\"breadcrumb\":{\"@id\":\"http:\/\/www.cargasmincho.cr\/contenido\/fundacion-de-la-compania\/#breadcrumb\"},\"inLanguage\":\"es\",\"potentialAction\":[{\"@type\":\"ReadAction\",\"target\":[\"http:\/\/www.cargasmincho.cr\/contenido\/fundacion-de-la-compania\/\"]}]},{\"@type\":\"BreadcrumbList\",\"@id\":\"http:\/\/www.cargasmincho.cr\/contenido\/fundacion-de-la-compania\/#breadcrumb\",\"itemListElement\":[{\"@type\":\"ListItem\",\"position\":1,\"name\":\"Portada\",\"item\":\"http:\/\/www.cargasmincho.cr\/contenido\/\"},{\"@type\":\"ListItem\",\"position\":2,\"name\":\"Fundacion de la compa\u00f1ia\"}]},{\"@type\":\"WebSite\",\"@id\":\"http:\/\/www.cargasmincho.cr\/contenido\/#website\",\"url\":\"http:\/\/www.cargasmincho.cr\/contenido\/\",\"name\":\"Cargas Mincho\",\"description\":\"Transporte de cargas especiales.\",\"potentialAction\":[{\"@type\":\"SearchAction\",\"target\":{\"@type\":\"EntryPoint\",\"urlTemplate\":\"http:\/\/www.cargasmincho.cr\/contenido\/?s={search_term_string}\"},\"query-input\":{\"@type\":\"PropertyValueSpecification\",\"valueRequired\":true,\"valueName\":\"search_term_string\"}}],\"inLanguage\":\"es\"}]}<\/script>\n<!-- \/ Yoast SEO plugin. -->","yoast_head_json":{"title":"Fundacion de la compa\u00f1ia |","robots":{"index":"index","follow":"follow","max-snippet":"max-snippet:-1","max-image-preview":"max-image-preview:large","max-video-preview":"max-video-preview:-1"},"canonical":"http:\/\/www.cargasmincho.cr\/contenido\/fundacion-de-la-compania\/","og_locale":"es_ES","og_type":"article","og_title":"Fundacion de la compa\u00f1ia |","og_description":"Cargas Especiales Mincho, naci\u00f3 en el a\u00f1o 1994 cuando su propietario Geovanni Quesada Araya (Mincho) adquiere su primer lowboy, como una necesidad de movilizar maquinaria pesada de la empresa de su familia. Por esa escasez de equipo y la demanda importante que empezaba a crecer en torno a esta rama, decide involucrarse de lleno con el transporte de cargas con&nbsp;Seguir leyendo","og_url":"http:\/\/www.cargasmincho.cr\/contenido\/fundacion-de-la-compania\/","og_site_name":"Cargas Mincho","article_modified_time":"2019-05-16T20:56:24+00:00","twitter_card":"summary_large_image","twitter_misc":{"Tiempo de lectura":"1 minuto"},"schema":{"@context":"https:\/\/schema.org","@graph":[{"@type":"WebPage","@id":"http:\/\/www.cargasmincho.cr\/contenido\/fundacion-de-la-compania\/","url":"http:\/\/www.cargasmincho.cr\/contenido\/fundacion-de-la-compania\/","name":"Fundacion de la compa\u00f1ia |","isPartOf":{"@id":"http:\/\/www.cargasmincho.cr\/contenido\/#website"},"datePublished":"2019-05-16T20:55:36+00:00","dateModified":"2019-05-16T20:56:24+00:00","breadcrumb":{"@id":"http:\/\/www.cargasmincho.cr\/contenido\/fundacion-de-la-compania\/#breadcrumb"},"inLanguage":"es","potentialAction":[{"@type":"ReadAction","target":["http:\/\/www.cargasmincho.cr\/contenido\/fundacion-de-la-compania\/"]}]},{"@type":"BreadcrumbList","@id":"http:\/\/www.cargasmincho.cr\/contenido\/fundacion-de-la-compania\/#breadcrumb","itemListElement":[{"@type":"ListItem","position":1,"name":"Portada","item":"http:\/\/www.cargasmincho.cr\/contenido\/"},{"@type":"ListItem","position":2,"name":"Fundacion de la compa\u00f1ia"}]},{"@type":"WebSite","@id":"http:\/\/www.cargasmincho.cr\/contenido\/#website","url":"http:\/\/www.cargasmincho.cr\/contenido\/","name":"Cargas Mincho","description":"Transporte de cargas especiales.","potentialAction":[{"@type":"SearchAction","target":{"@type":"EntryPoint","urlTemplate":"http:\/\/www.cargasmincho.cr\/contenido\/?s={search_term_string}"},"query-input":{"@type":"PropertyValueSpecification","valueRequired":true,"valueName":"search_term_string"}}],"inLanguage":"es"}]}},"_links":{"self":[{"href":"http:\/\/www.cargasmincho.cr\/contenido\/wp-json\/wp\/v2\/pages\/2748","targetHints":{"allow":["GET"]}}],"collection":[{"href":"http:\/\/www.cargasmincho.cr\/contenido\/wp-json\/wp\/v2\/pages"}],"about":[{"href":"http:\/\/www.cargasmincho.cr\/contenido\/wp-json\/wp\/v2\/types\/page"}],"author":[{"embeddable":true,"href":"http:\/\/www.cargasmincho.cr\/contenido\/wp-json\/wp\/v2\/users\/2"}],"replies":[{"embeddable":true,"href":"http:\/\/www.cargasmincho.cr\/contenido\/wp-json\/wp\/v2\/comments?post=2748"}],"version-history":[{"count":1,"href":"http:\/\/www.cargasmincho.cr\/contenido\/wp-json\/wp\/v2\/pages\/2748\/revisions"}],"predecessor-version":[{"id":2749,"href":"http:\/\/www.cargasmincho.cr\/contenido\/wp-json\/wp\/v2\/pages\/2748\/revisions\/2749"}],"wp:attachment":[{"href":"http:\/\/www.cargasmincho.cr\/contenido\/wp-json\/wp\/v2\/media?parent=2748"}],"curies":[{"name":"wp","href":"https:\/\/api.w.org\/{rel}","templated":true}]}}