{"id":2237,"date":"2015-08-13T17:18:13","date_gmt":"2015-08-13T17:18:13","guid":{"rendered":"http:\/\/www.cargasmincho.cr\/contenido\/?page_id=2237"},"modified":"2019-05-28T16:34:29","modified_gmt":"2019-05-28T16:34:29","slug":"nuestro-equipo","status":"publish","type":"page","link":"http:\/\/www.cargasmincho.cr\/contenido\/nuestro-equipo\/","title":{"rendered":"Nuestro Equipo"},"content":{"rendered":"<div class=\"contenidone\">\n<section class=\"lazy-load-box trigger effect-slideup \" data-delay=\"200\" data-speed=\"800\" style=\"-webkit-transition: all 800ms ease; -moz-transition: all 800ms ease; -ms-transition: all 800ms ease; -o-transition: all 800ms ease; transition: all 800ms ease;\">\n<div class=\"hero-unit info_box\"><h1>\u00bfQ\u00fae nos motiva?<\/h1><p>Nuestros servicios se centran en las industrias de ingenier\u00eda civil, generaci\u00f3n de energ\u00eda y construcci\u00f3n. Nos motivan los retos, los caminos dif\u00edciles y las cargas que parecen imposibles.<\/p><div class=\"btn-align\"><a href=\"quienes-somos\" title=\"\u00bfQui\u00e9nes Somos?\" class=\"btn btn-default btn-normal btn-primary\" target=\"_self\">\u00bfQui\u00e9nes Somos?<\/a><\/div><div class=\"clear\"><\/div><\/div><!-- .hero-unit (end) -->\n<\/section>\n<p>Lo que hace Cargas Especiales Mincho grande es su equipo humano, tanto a nivel intelectual as\u00ed como de fuerza de trabajo. En esta empresa la pr\u00f3xima creaci\u00f3n a la medida la pone el cliente, si no contamos con el equipo para solucionarle su problema, en nuestro taller se lo dise\u00f1amos.<\/p>\n<p>A lo largo de nuestra trayectoria hemos adquirido remolques especializados, una flota importante de cabezales, carros escolta, gr\u00faas y contenedores.\n<\/p><\/div>\n<div class=\"sliderclass\">\n\n\t\t\t<!-- START nuestro equipo REVOLUTION SLIDER 6.7.34 --><p class=\"rs-p-wp-fix\"><\/p>\n\t\t\t<rs-module-wrap id=\"rev_slider_1_1_wrapper\" data-source=\"gallery\" style=\"visibility:hidden;background:transparent;padding:0;margin:0px auto;margin-top:0;margin-bottom:0;\">\n\t\t\t\t<rs-module id=\"rev_slider_1_1\" style=\"\" data-version=\"6.7.34\">\n\t\t\t\t\t<rs-slides style=\"overflow: hidden; position: absolute;\">\n\t\t\t\t\t\t<rs-slide style=\"position: absolute;\" data-key=\"rs-1\" data-title=\"Slide\" data-thumb=\"\/\/www.cargasmincho.cr\/contenido\/wp-content\/uploads\/2019\/05\/imagem11-100x50.jpg\" data-anim=\"adpr:false;\">\n\t\t\t\t\t\t\t<img decoding=\"async\" src=\"\/\/www.cargasmincho.cr\/contenido\/wp-content\/plugins\/revslider\/sr6\/assets\/assets\/dummy.png\" alt=\"\" title=\"Nuestro Equipo\" class=\"rev-slidebg tp-rs-img rs-lazyload\" data-lazyload=\"\/\/www.cargasmincho.cr\/contenido\/wp-content\/uploads\/2019\/05\/imagem11.jpg\" data-no-retina>\n<!---->\t\t\t\t\t<\/rs-slide>\n\t\t\t\t\t\t<rs-slide style=\"position: absolute;\" data-key=\"rs-2\" data-title=\"Slide\" data-thumb=\"\/\/www.cargasmincho.cr\/contenido\/wp-content\/uploads\/2019\/05\/imagen21-100x50.jpg\" data-anim=\"adpr:false;\">\n\t\t\t\t\t\t\t<img decoding=\"async\" src=\"\/\/www.cargasmincho.cr\/contenido\/wp-content\/plugins\/revslider\/sr6\/assets\/assets\/dummy.png\" alt=\"\" title=\"Nuestro Equipo\" class=\"rev-slidebg tp-rs-img rs-lazyload\" data-lazyload=\"\/\/www.cargasmincho.cr\/contenido\/wp-content\/uploads\/2019\/05\/imagen21.jpg\" data-no-retina>\n<!---->\t\t\t\t\t<\/rs-slide>\n\t\t\t\t\t<\/rs-slides>\n\t\t\t\t<\/rs-module>\n\t\t\t\t<script>\n\t\t\t\t\tsetREVStartSize({c: 'rev_slider_1_1',rl:[1240,1024,778,480],el:[],gw:[1280],gh:[400],type:'standard',justify:'',layout:'fullwidth',mh:\"0\"});if (window.RS_MODULES!==undefined && window.RS_MODULES.modules!==undefined && window.RS_MODULES.modules[\"revslider11\"]!==undefined) {window.RS_MODULES.modules[\"revslider11\"].once = false;window.revapi1 = undefined;if (window.RS_MODULES.checkMinimal!==undefined) window.RS_MODULES.checkMinimal()}\n\t\t\t\t<\/script>\n\t\t\t<\/rs-module-wrap>\n\t\t\t<!-- END REVOLUTION SLIDER -->\n\n<\/div>\n","protected":false},"excerpt":{"rendered":"<p>Lo que hace Cargas Especiales Mincho grande es su equipo humano, tanto a nivel intelectual as\u00ed como de fuerza de trabajo. En esta empresa la pr\u00f3xima creaci\u00f3n a la medida la pone el cliente, si no contamos con el equipo para solucionarle su problema, en nuestro taller se lo dise\u00f1amos. A lo largo de nuestra trayectoria hemos adquirido remolques especializados,&nbsp;<a href=\"http:\/\/www.cargasmincho.cr\/contenido\/nuestro-equipo\/\" class=\"read-more\">Seguir leyendo<\/a><\/p>\n","protected":false},"author":2,"featured_media":0,"parent":0,"menu_order":0,"comment_status":"closed","ping_status":"closed","template":"page-fullwidth.php","meta":{"footnotes":""},"class_list":["post-2237","page","type-page","status-publish","hentry"],"yoast_head":"<!-- This site is optimized with the Yoast SEO plugin v25.1 - https:\/\/yoast.com\/wordpress\/plugins\/seo\/ -->\n<title>Cargas Mincho | Equipo para transporte de cargas sobredimensionadas<\/title>\n<meta name=\"description\" content=\"Estamos especializados para todo tipo de transporte de cargas sobredimensionadas. Tenemos remolques, cabezales, carros escolta, gr\u00faas y contenedores.\" \/>\n<meta name=\"robots\" content=\"index, follow, max-snippet:-1, max-image-preview:large, max-video-preview:-1\" \/>\n<link rel=\"canonical\" href=\"http:\/\/www.cargasmincho.cr\/contenido\/nuestro-equipo\/\" \/>\n<meta property=\"og:locale\" content=\"es_ES\" \/>\n<meta property=\"og:type\" content=\"article\" \/>\n<meta property=\"og:title\" content=\"Cargas Mincho | Equipo para transporte de cargas sobredimensionadas\" \/>\n<meta property=\"og:description\" content=\"Estamos especializados para todo tipo de transporte de cargas sobredimensionadas. Tenemos remolques, cabezales, carros escolta, gr\u00faas y contenedores.\" \/>\n<meta property=\"og:url\" content=\"http:\/\/www.cargasmincho.cr\/contenido\/nuestro-equipo\/\" \/>\n<meta property=\"og:site_name\" content=\"Cargas Mincho\" \/>\n<meta property=\"article:modified_time\" content=\"2019-05-28T16:34:29+00:00\" \/>\n<meta name=\"twitter:card\" content=\"summary_large_image\" \/>\n<meta name=\"twitter:label1\" content=\"Tiempo de lectura\" \/>\n\t<meta name=\"twitter:data1\" content=\"1 minuto\" \/>\n<script type=\"application\/ld+json\" class=\"yoast-schema-graph\">{\"@context\":\"https:\/\/schema.org\",\"@graph\":[{\"@type\":\"WebPage\",\"@id\":\"http:\/\/www.cargasmincho.cr\/contenido\/nuestro-equipo\/\",\"url\":\"http:\/\/www.cargasmincho.cr\/contenido\/nuestro-equipo\/\",\"name\":\"Cargas Mincho | Equipo para transporte de cargas sobredimensionadas\",\"isPartOf\":{\"@id\":\"http:\/\/www.cargasmincho.cr\/contenido\/#website\"},\"datePublished\":\"2015-08-13T17:18:13+00:00\",\"dateModified\":\"2019-05-28T16:34:29+00:00\",\"description\":\"Estamos especializados para todo tipo de transporte de cargas sobredimensionadas. Tenemos remolques, cabezales, carros escolta, gr\u00faas y contenedores.\",\"breadcrumb\":{\"@id\":\"http:\/\/www.cargasmincho.cr\/contenido\/nuestro-equipo\/#breadcrumb\"},\"inLanguage\":\"es\",\"potentialAction\":[{\"@type\":\"ReadAction\",\"target\":[\"http:\/\/www.cargasmincho.cr\/contenido\/nuestro-equipo\/\"]}]},{\"@type\":\"BreadcrumbList\",\"@id\":\"http:\/\/www.cargasmincho.cr\/contenido\/nuestro-equipo\/#breadcrumb\",\"itemListElement\":[{\"@type\":\"ListItem\",\"position\":1,\"name\":\"Portada\",\"item\":\"http:\/\/www.cargasmincho.cr\/contenido\/\"},{\"@type\":\"ListItem\",\"position\":2,\"name\":\"Nuestro Equipo\"}]},{\"@type\":\"WebSite\",\"@id\":\"http:\/\/www.cargasmincho.cr\/contenido\/#website\",\"url\":\"http:\/\/www.cargasmincho.cr\/contenido\/\",\"name\":\"Cargas Mincho\",\"description\":\"Transporte de cargas especiales.\",\"potentialAction\":[{\"@type\":\"SearchAction\",\"target\":{\"@type\":\"EntryPoint\",\"urlTemplate\":\"http:\/\/www.cargasmincho.cr\/contenido\/?s={search_term_string}\"},\"query-input\":{\"@type\":\"PropertyValueSpecification\",\"valueRequired\":true,\"valueName\":\"search_term_string\"}}],\"inLanguage\":\"es\"}]}<\/script>\n<!-- \/ Yoast SEO plugin. -->","yoast_head_json":{"title":"Cargas Mincho | Equipo para transporte de cargas sobredimensionadas","description":"Estamos especializados para todo tipo de transporte de cargas sobredimensionadas. Tenemos remolques, cabezales, carros escolta, gr\u00faas y contenedores.","robots":{"index":"index","follow":"follow","max-snippet":"max-snippet:-1","max-image-preview":"max-image-preview:large","max-video-preview":"max-video-preview:-1"},"canonical":"http:\/\/www.cargasmincho.cr\/contenido\/nuestro-equipo\/","og_locale":"es_ES","og_type":"article","og_title":"Cargas Mincho | Equipo para transporte de cargas sobredimensionadas","og_description":"Estamos especializados para todo tipo de transporte de cargas sobredimensionadas. Tenemos remolques, cabezales, carros escolta, gr\u00faas y contenedores.","og_url":"http:\/\/www.cargasmincho.cr\/contenido\/nuestro-equipo\/","og_site_name":"Cargas Mincho","article_modified_time":"2019-05-28T16:34:29+00:00","twitter_card":"summary_large_image","twitter_misc":{"Tiempo de lectura":"1 minuto"},"schema":{"@context":"https:\/\/schema.org","@graph":[{"@type":"WebPage","@id":"http:\/\/www.cargasmincho.cr\/contenido\/nuestro-equipo\/","url":"http:\/\/www.cargasmincho.cr\/contenido\/nuestro-equipo\/","name":"Cargas Mincho | Equipo para transporte de cargas sobredimensionadas","isPartOf":{"@id":"http:\/\/www.cargasmincho.cr\/contenido\/#website"},"datePublished":"2015-08-13T17:18:13+00:00","dateModified":"2019-05-28T16:34:29+00:00","description":"Estamos especializados para todo tipo de transporte de cargas sobredimensionadas. Tenemos remolques, cabezales, carros escolta, gr\u00faas y contenedores.","breadcrumb":{"@id":"http:\/\/www.cargasmincho.cr\/contenido\/nuestro-equipo\/#breadcrumb"},"inLanguage":"es","potentialAction":[{"@type":"ReadAction","target":["http:\/\/www.cargasmincho.cr\/contenido\/nuestro-equipo\/"]}]},{"@type":"BreadcrumbList","@id":"http:\/\/www.cargasmincho.cr\/contenido\/nuestro-equipo\/#breadcrumb","itemListElement":[{"@type":"ListItem","position":1,"name":"Portada","item":"http:\/\/www.cargasmincho.cr\/contenido\/"},{"@type":"ListItem","position":2,"name":"Nuestro Equipo"}]},{"@type":"WebSite","@id":"http:\/\/www.cargasmincho.cr\/contenido\/#website","url":"http:\/\/www.cargasmincho.cr\/contenido\/","name":"Cargas Mincho","description":"Transporte de cargas especiales.","potentialAction":[{"@type":"SearchAction","target":{"@type":"EntryPoint","urlTemplate":"http:\/\/www.cargasmincho.cr\/contenido\/?s={search_term_string}"},"query-input":{"@type":"PropertyValueSpecification","valueRequired":true,"valueName":"search_term_string"}}],"inLanguage":"es"}]}},"_links":{"self":[{"href":"http:\/\/www.cargasmincho.cr\/contenido\/wp-json\/wp\/v2\/pages\/2237","targetHints":{"allow":["GET"]}}],"collection":[{"href":"http:\/\/www.cargasmincho.cr\/contenido\/wp-json\/wp\/v2\/pages"}],"about":[{"href":"http:\/\/www.cargasmincho.cr\/contenido\/wp-json\/wp\/v2\/types\/page"}],"author":[{"embeddable":true,"href":"http:\/\/www.cargasmincho.cr\/contenido\/wp-json\/wp\/v2\/users\/2"}],"replies":[{"embeddable":true,"href":"http:\/\/www.cargasmincho.cr\/contenido\/wp-json\/wp\/v2\/comments?post=2237"}],"version-history":[{"count":25,"href":"http:\/\/www.cargasmincho.cr\/contenido\/wp-json\/wp\/v2\/pages\/2237\/revisions"}],"predecessor-version":[{"id":2779,"href":"http:\/\/www.cargasmincho.cr\/contenido\/wp-json\/wp\/v2\/pages\/2237\/revisions\/2779"}],"wp:attachment":[{"href":"http:\/\/www.cargasmincho.cr\/contenido\/wp-json\/wp\/v2\/media?parent=2237"}],"curies":[{"name":"wp","href":"https:\/\/api.w.org\/{rel}","templated":true}]}}