{"id":2200,"date":"2015-08-12T20:45:21","date_gmt":"2015-08-12T20:45:21","guid":{"rendered":"http:\/\/www.cargasmincho.cr\/contenido\/?page_id=2200"},"modified":"2015-08-20T14:06:09","modified_gmt":"2015-08-20T14:06:09","slug":"servicios","status":"publish","type":"page","link":"http:\/\/www.cargasmincho.cr\/contenido\/servicios\/","title":{"rendered":"Servicios"},"content":{"rendered":"<div class=\"row \">\n<div class=\"span12 \"><section class=\"lazy-load-box trigger effect-zoomin \" data-delay=\"400\" data-speed=\"800\" style=\"-webkit-transition: all 800ms ease; -moz-transition: all 800ms ease; -ms-transition: all 800ms ease; -o-transition: all 800ms ease; transition: all 800ms ease;\">\n<ul class=\"recent list_3 unstyled\"><li class=\"recent-posts_li post-2169 services type-services status-publish has-post-thumbnail hentry  list-item-0 clearfix\"><figure class=\"thumbnail featured-thumbnail\"><a href=\"http:\/\/www.cargasmincho.cr\/contenido\/servicios\/division-gruas\/\" title=\"Divisi\u00f3n Gr\u00faas\"><img decoding=\"async\" src=\"http:\/\/www.cargasmincho.cr\/contenido\/wp-content\/uploads\/2015\/08\/gruas.png\" alt=\"Divisi\u00f3n Gr\u00faas\"\/><\/a><\/figure><h5><a href=\"http:\/\/www.cargasmincho.cr\/contenido\/servicios\/division-gruas\/\" title=\"Divisi\u00f3n Gr\u00faas\">Divisi\u00f3n Gr\u00faas<\/a><\/h5><div class=\"excerpt\">Para el a\u00f1o 2003 Cargas Especiales Mincho decide implementar en su cartera de servicios la Divisi\u00f3n Gr\u00faas y as\u00ed complementar&hellip;<\/div><div class=\"clear\"><\/div><\/li><!-- .entry (end) --><li class=\"recent-posts_li post-2168 services type-services status-publish has-post-thumbnail hentry  list-item-1 clearfix\"><figure class=\"thumbnail featured-thumbnail\"><a href=\"http:\/\/www.cargasmincho.cr\/contenido\/servicios\/contenedores\/\" title=\"Contenedores\"><img decoding=\"async\" src=\"http:\/\/www.cargasmincho.cr\/contenido\/wp-content\/uploads\/2015\/08\/contenedores.png\" alt=\"Contenedores\"\/><\/a><\/figure><h5><a href=\"http:\/\/www.cargasmincho.cr\/contenido\/servicios\/contenedores\/\" title=\"Contenedores\">Contenedores<\/a><\/h5><div class=\"excerpt\">Contamos con alquiler y venta de contenedores, bodegas y oficinas m\u00f3viles. Adem\u00e1s tenemos las herramientas necesarias para dejar su contenedor&hellip;<\/div><div class=\"clear\"><\/div><\/li><!-- .entry (end) --><li class=\"recent-posts_li post-2167 services type-services status-publish has-post-thumbnail hentry  list-item-2 clearfix\"><figure class=\"thumbnail featured-thumbnail\"><a href=\"http:\/\/www.cargasmincho.cr\/contenido\/servicios\/cargas-especiales\/\" title=\"Cargas Especiales\"><img decoding=\"async\" src=\"http:\/\/www.cargasmincho.cr\/contenido\/wp-content\/uploads\/2015\/08\/cargas-especiales.png\" alt=\"Cargas Especiales\"\/><\/a><\/figure><h5><a href=\"http:\/\/www.cargasmincho.cr\/contenido\/servicios\/cargas-especiales\/\" title=\"Cargas Especiales\">Cargas Especiales<\/a><\/h5><div class=\"excerpt\">Nos especializamos en las cargas con sobre peso o sobredimensi\u00f3n, nos carateriza las soluciones de transporte y la creaci\u00f3n de&hellip;<\/div><div class=\"clear\"><\/div><\/li><!-- .entry (end) --><li class=\"recent-posts_li post-2166 services type-services status-publish has-post-thumbnail hentry  list-item-3 clearfix\"><figure class=\"thumbnail featured-thumbnail\"><a href=\"http:\/\/www.cargasmincho.cr\/contenido\/servicios\/renta\/\" title=\"Renta\"><img decoding=\"async\" src=\"http:\/\/www.cargasmincho.cr\/contenido\/wp-content\/uploads\/2015\/08\/renta.png\" alt=\"Renta\"\/><\/a><\/figure><h5><a href=\"http:\/\/www.cargasmincho.cr\/contenido\/servicios\/renta\/\" title=\"Renta\">Renta<\/a><\/h5><div class=\"excerpt\">La compa\u00f1\u00eda tiene una importante flota de contenedores y furgones aptos para la elaboraci\u00f3n de bodegas u oficinas m\u00f3viles, los&hellip;<\/div><div class=\"clear\"><\/div><\/li><!-- .entry (end) --><li class=\"recent-posts_li post-2146 services type-services status-publish has-post-thumbnail hentry  list-item-4 clearfix\"><figure class=\"thumbnail featured-thumbnail\"><a href=\"http:\/\/www.cargasmincho.cr\/contenido\/servicios\/transporte\/\" title=\"Transporte\"><img decoding=\"async\" src=\"http:\/\/www.cargasmincho.cr\/contenido\/wp-content\/uploads\/2015\/08\/transporte.png\" alt=\"Transporte\"\/><\/a><\/figure><h5><a href=\"http:\/\/www.cargasmincho.cr\/contenido\/servicios\/transporte\/\" title=\"Transporte\">Transporte<\/a><\/h5><div class=\"excerpt\">Brindamos la soluci\u00f3n para todo tipo de transporte que vaya desde cargas convencionales, maquinaria amarilla e incluso componentes de proyectos&hellip;<\/div><div class=\"clear\"><\/div><\/li><!-- .entry (end) --><\/ul><!-- .recent-posts (end) -->\n<\/section><\/div>\n<\/div><!-- .row (end) -->\n","protected":false},"excerpt":{"rendered":"","protected":false},"author":2,"featured_media":0,"parent":0,"menu_order":0,"comment_status":"closed","ping_status":"closed","template":"page-fullwidth.php","meta":{"footnotes":""},"class_list":["post-2200","page","type-page","status-publish","hentry"],"yoast_head":"<!-- This site is optimized with the Yoast SEO plugin v25.1 - https:\/\/yoast.com\/wordpress\/plugins\/seo\/ -->\n<title>Cargas Mincho | Conozca nuestros servicios para cargas especiales.<\/title>\n<meta name=\"description\" content=\"Ofrecemos servicio de alquiler gr\u00faas, alquiler de furgones y contenedores, adem\u00e1s de transporte de cargas especiales con sobre peso.\" \/>\n<meta name=\"robots\" content=\"index, follow, max-snippet:-1, max-image-preview:large, max-video-preview:-1\" \/>\n<link rel=\"canonical\" href=\"http:\/\/www.cargasmincho.cr\/contenido\/servicios\/\" \/>\n<meta property=\"og:locale\" content=\"es_ES\" \/>\n<meta property=\"og:type\" content=\"article\" \/>\n<meta property=\"og:title\" content=\"Cargas Mincho | Conozca nuestros servicios para cargas especiales.\" \/>\n<meta property=\"og:description\" content=\"Ofrecemos servicio de alquiler gr\u00faas, alquiler de furgones y contenedores, adem\u00e1s de transporte de cargas especiales con sobre peso.\" \/>\n<meta property=\"og:url\" content=\"http:\/\/www.cargasmincho.cr\/contenido\/servicios\/\" \/>\n<meta property=\"og:site_name\" content=\"Cargas Mincho\" \/>\n<meta property=\"article:modified_time\" content=\"2015-08-20T14:06:09+00:00\" \/>\n<meta name=\"twitter:card\" content=\"summary_large_image\" \/>\n<script type=\"application\/ld+json\" class=\"yoast-schema-graph\">{\"@context\":\"https:\/\/schema.org\",\"@graph\":[{\"@type\":\"WebPage\",\"@id\":\"http:\/\/www.cargasmincho.cr\/contenido\/servicios\/\",\"url\":\"http:\/\/www.cargasmincho.cr\/contenido\/servicios\/\",\"name\":\"Cargas Mincho | Conozca nuestros servicios para cargas especiales.\",\"isPartOf\":{\"@id\":\"http:\/\/www.cargasmincho.cr\/contenido\/#website\"},\"datePublished\":\"2015-08-12T20:45:21+00:00\",\"dateModified\":\"2015-08-20T14:06:09+00:00\",\"description\":\"Ofrecemos servicio de alquiler gr\u00faas, alquiler de furgones y contenedores, adem\u00e1s de transporte de cargas especiales con sobre peso.\",\"breadcrumb\":{\"@id\":\"http:\/\/www.cargasmincho.cr\/contenido\/servicios\/#breadcrumb\"},\"inLanguage\":\"es\",\"potentialAction\":[{\"@type\":\"ReadAction\",\"target\":[\"http:\/\/www.cargasmincho.cr\/contenido\/servicios\/\"]}]},{\"@type\":\"BreadcrumbList\",\"@id\":\"http:\/\/www.cargasmincho.cr\/contenido\/servicios\/#breadcrumb\",\"itemListElement\":[{\"@type\":\"ListItem\",\"position\":1,\"name\":\"Portada\",\"item\":\"http:\/\/www.cargasmincho.cr\/contenido\/\"},{\"@type\":\"ListItem\",\"position\":2,\"name\":\"Servicios\"}]},{\"@type\":\"WebSite\",\"@id\":\"http:\/\/www.cargasmincho.cr\/contenido\/#website\",\"url\":\"http:\/\/www.cargasmincho.cr\/contenido\/\",\"name\":\"Cargas Mincho\",\"description\":\"Transporte de cargas especiales.\",\"potentialAction\":[{\"@type\":\"SearchAction\",\"target\":{\"@type\":\"EntryPoint\",\"urlTemplate\":\"http:\/\/www.cargasmincho.cr\/contenido\/?s={search_term_string}\"},\"query-input\":{\"@type\":\"PropertyValueSpecification\",\"valueRequired\":true,\"valueName\":\"search_term_string\"}}],\"inLanguage\":\"es\"}]}<\/script>\n<!-- \/ Yoast SEO plugin. -->","yoast_head_json":{"title":"Cargas Mincho | Conozca nuestros servicios para cargas especiales.","description":"Ofrecemos servicio de alquiler gr\u00faas, alquiler de furgones y contenedores, adem\u00e1s de transporte de cargas especiales con sobre peso.","robots":{"index":"index","follow":"follow","max-snippet":"max-snippet:-1","max-image-preview":"max-image-preview:large","max-video-preview":"max-video-preview:-1"},"canonical":"http:\/\/www.cargasmincho.cr\/contenido\/servicios\/","og_locale":"es_ES","og_type":"article","og_title":"Cargas Mincho | Conozca nuestros servicios para cargas especiales.","og_description":"Ofrecemos servicio de alquiler gr\u00faas, alquiler de furgones y contenedores, adem\u00e1s de transporte de cargas especiales con sobre peso.","og_url":"http:\/\/www.cargasmincho.cr\/contenido\/servicios\/","og_site_name":"Cargas Mincho","article_modified_time":"2015-08-20T14:06:09+00:00","twitter_card":"summary_large_image","schema":{"@context":"https:\/\/schema.org","@graph":[{"@type":"WebPage","@id":"http:\/\/www.cargasmincho.cr\/contenido\/servicios\/","url":"http:\/\/www.cargasmincho.cr\/contenido\/servicios\/","name":"Cargas Mincho | Conozca nuestros servicios para cargas especiales.","isPartOf":{"@id":"http:\/\/www.cargasmincho.cr\/contenido\/#website"},"datePublished":"2015-08-12T20:45:21+00:00","dateModified":"2015-08-20T14:06:09+00:00","description":"Ofrecemos servicio de alquiler gr\u00faas, alquiler de furgones y contenedores, adem\u00e1s de transporte de cargas especiales con sobre peso.","breadcrumb":{"@id":"http:\/\/www.cargasmincho.cr\/contenido\/servicios\/#breadcrumb"},"inLanguage":"es","potentialAction":[{"@type":"ReadAction","target":["http:\/\/www.cargasmincho.cr\/contenido\/servicios\/"]}]},{"@type":"BreadcrumbList","@id":"http:\/\/www.cargasmincho.cr\/contenido\/servicios\/#breadcrumb","itemListElement":[{"@type":"ListItem","position":1,"name":"Portada","item":"http:\/\/www.cargasmincho.cr\/contenido\/"},{"@type":"ListItem","position":2,"name":"Servicios"}]},{"@type":"WebSite","@id":"http:\/\/www.cargasmincho.cr\/contenido\/#website","url":"http:\/\/www.cargasmincho.cr\/contenido\/","name":"Cargas Mincho","description":"Transporte de cargas especiales.","potentialAction":[{"@type":"SearchAction","target":{"@type":"EntryPoint","urlTemplate":"http:\/\/www.cargasmincho.cr\/contenido\/?s={search_term_string}"},"query-input":{"@type":"PropertyValueSpecification","valueRequired":true,"valueName":"search_term_string"}}],"inLanguage":"es"}]}},"_links":{"self":[{"href":"http:\/\/www.cargasmincho.cr\/contenido\/wp-json\/wp\/v2\/pages\/2200","targetHints":{"allow":["GET"]}}],"collection":[{"href":"http:\/\/www.cargasmincho.cr\/contenido\/wp-json\/wp\/v2\/pages"}],"about":[{"href":"http:\/\/www.cargasmincho.cr\/contenido\/wp-json\/wp\/v2\/types\/page"}],"author":[{"embeddable":true,"href":"http:\/\/www.cargasmincho.cr\/contenido\/wp-json\/wp\/v2\/users\/2"}],"replies":[{"embeddable":true,"href":"http:\/\/www.cargasmincho.cr\/contenido\/wp-json\/wp\/v2\/comments?post=2200"}],"version-history":[{"count":3,"href":"http:\/\/www.cargasmincho.cr\/contenido\/wp-json\/wp\/v2\/pages\/2200\/revisions"}],"predecessor-version":[{"id":2203,"href":"http:\/\/www.cargasmincho.cr\/contenido\/wp-json\/wp\/v2\/pages\/2200\/revisions\/2203"}],"wp:attachment":[{"href":"http:\/\/www.cargasmincho.cr\/contenido\/wp-json\/wp\/v2\/media?parent=2200"}],"curies":[{"name":"wp","href":"https:\/\/api.w.org\/{rel}","templated":true}]}}