{"id":2089,"date":"2011-07-14T19:47:05","date_gmt":"2011-07-14T19:47:05","guid":{"rendered":"http:\/\/www.cargasmincho.cr\/contenido\/contacts\/"},"modified":"2022-10-11T23:11:50","modified_gmt":"2022-10-11T23:11:50","slug":"contactenos","status":"publish","type":"page","link":"http:\/\/www.cargasmincho.cr\/contenido\/contactenos\/","title":{"rendered":"Cont\u00e1ctenos"},"content":{"rendered":"<div class=\"row \">\n<div class=\"span4 \"><address>\n<strong>Costa Rica<\/strong><br \/>\n<em>Tel\u00e9fono:<\/em><\/p>\n<ul>\n<li>+506 2494-4739<\/li>\n<\/ul>\n<p><!--<strong>Panam\u00e1<\/strong>\n<em>Tel\u00e9fono:<\/em>\n\n\n<ul>\n\t\n\n<li>+507 6919-7351<\/li>\n\n\n<\/ul>\n\n\n&nbsp;--><\/p>\n<p><strong>E-mail:<\/strong> <a href=\"mailto:info@cargasmincho.cr\">info@cargasmincho.cr<\/a><br \/>\n<\/address><!-- address (end) --><\/div>\n<div class=\"span8 \">\n<div class=\"wpcf7 no-js\" id=\"wpcf7-f208-o1\" lang=\"es-ES\" dir=\"ltr\" data-wpcf7-id=\"208\">\n<div class=\"screen-reader-response\"><p role=\"status\" aria-live=\"polite\" aria-atomic=\"true\"><\/p> <ul><\/ul><\/div>\n<form action=\"\/contenido\/wp-json\/wp\/v2\/pages\/2089#wpcf7-f208-o1\" method=\"post\" class=\"wpcf7-form init\" aria-label=\"Formulario de contacto\" novalidate=\"novalidate\" data-status=\"init\">\n<div style=\"display: none;\">\n<input type=\"hidden\" name=\"_wpcf7\" value=\"208\" \/>\n<input type=\"hidden\" name=\"_wpcf7_version\" value=\"6.0.6\" \/>\n<input type=\"hidden\" name=\"_wpcf7_locale\" value=\"es_ES\" \/>\n<input type=\"hidden\" name=\"_wpcf7_unit_tag\" value=\"wpcf7-f208-o1\" \/>\n<input type=\"hidden\" name=\"_wpcf7_container_post\" value=\"0\" \/>\n<input type=\"hidden\" name=\"_wpcf7_posted_data_hash\" value=\"\" \/>\n<input type=\"hidden\" name=\"_wpcf7_recaptcha_response\" value=\"\" \/>\n<\/div>\n<div class=\"row-fluid\">\n\t<p class=\"span4 field\"><span class=\"wpcf7-form-control-wrap\" data-name=\"your-name\"><input size=\"40\" maxlength=\"400\" class=\"wpcf7-form-control wpcf7-text wpcf7-validates-as-required\" aria-required=\"true\" aria-invalid=\"false\" placeholder=\"Nombre:\" value=\"\" type=\"text\" name=\"your-name\" \/><\/span>\n\t<\/p>\n\t<p class=\"span4 field\"><span class=\"wpcf7-form-control-wrap\" data-name=\"your-email\"><input size=\"40\" maxlength=\"400\" class=\"wpcf7-form-control wpcf7-email wpcf7-validates-as-required wpcf7-text wpcf7-validates-as-email\" aria-required=\"true\" aria-invalid=\"false\" placeholder=\"Correo:\" value=\"\" type=\"email\" name=\"your-email\" \/><\/span>\n\t<\/p>\n\t<p class=\"span4 field\"><span class=\"wpcf7-form-control-wrap\" data-name=\"tel-48\"><input size=\"40\" maxlength=\"400\" class=\"wpcf7-form-control wpcf7-tel wpcf7-validates-as-required wpcf7-text wpcf7-validates-as-tel\" aria-required=\"true\" aria-invalid=\"false\" placeholder=\"Tel\u00e9fono:\" value=\"\" type=\"tel\" name=\"tel-48\" \/><\/span>\n\t<\/p>\n<\/div>\n<p class=\"field\"><span class=\"wpcf7-form-control-wrap\" data-name=\"your-message\"><textarea cols=\"40\" rows=\"10\" maxlength=\"2000\" class=\"wpcf7-form-control wpcf7-textarea\" aria-invalid=\"false\" placeholder=\"Mensaje:\" name=\"your-message\"><\/textarea><\/span>\n<\/p>\n<p class=\"submit-wrap\"><input type=\"reset\" value=\"Limpiar\" class=\"btn btn-primary\" \/><input class=\"wpcf7-form-control wpcf7-submit has-spinner btn btn-primary\" type=\"submit\" value=\"Enviar\" \/>\n<\/p><div class=\"wpcf7-response-output\" aria-hidden=\"true\"><\/div>\n<\/form>\n<\/div>\n<\/div>\n<p><!--&#091;span12&#093;\n&#091;spacer&#093;\n&#091;google_map_api lat_value=\"10.0525503796935\" lng_value=\"-84.3361342493551\" zoom_value=\"14\" zoom_wheel=\"no\" custom_class=\"google-map-custom-class\"&#093;\n&#091;spacer&#093;\n&#091;\/span12&#093;--><\/p>\n<\/div><!-- .row (end) -->\n","protected":false},"excerpt":{"rendered":"","protected":false},"author":1,"featured_media":0,"parent":0,"menu_order":6,"comment_status":"closed","ping_status":"closed","template":"page-fullwidth.php","meta":{"footnotes":""},"class_list":["post-2089","page","type-page","status-publish","hentry"],"yoast_head":"<!-- This site is optimized with the Yoast SEO plugin v25.1 - https:\/\/yoast.com\/wordpress\/plugins\/seo\/ -->\n<title>Cargas Mincho | Cont\u00e1ctenos.<\/title>\n<meta name=\"description\" content=\"Cont\u00e1ctenos para que conozca m\u00e1s sobre nuestro equipo para transporte de carga sobredimencionada.\" \/>\n<meta name=\"robots\" content=\"index, follow, max-snippet:-1, max-image-preview:large, max-video-preview:-1\" \/>\n<link rel=\"canonical\" href=\"http:\/\/www.cargasmincho.cr\/contenido\/contactenos\/\" \/>\n<meta property=\"og:locale\" content=\"es_ES\" \/>\n<meta property=\"og:type\" content=\"article\" \/>\n<meta property=\"og:title\" content=\"Cargas Mincho | Cont\u00e1ctenos.\" \/>\n<meta property=\"og:description\" content=\"Cont\u00e1ctenos para que conozca m\u00e1s sobre nuestro equipo para transporte de carga sobredimencionada.\" \/>\n<meta property=\"og:url\" content=\"http:\/\/www.cargasmincho.cr\/contenido\/contactenos\/\" \/>\n<meta property=\"og:site_name\" content=\"Cargas Mincho\" \/>\n<meta property=\"article:modified_time\" content=\"2022-10-11T23:11:50+00:00\" \/>\n<meta name=\"twitter:card\" content=\"summary_large_image\" \/>\n<script type=\"application\/ld+json\" class=\"yoast-schema-graph\">{\"@context\":\"https:\/\/schema.org\",\"@graph\":[{\"@type\":\"WebPage\",\"@id\":\"http:\/\/www.cargasmincho.cr\/contenido\/contactenos\/\",\"url\":\"http:\/\/www.cargasmincho.cr\/contenido\/contactenos\/\",\"name\":\"Cargas Mincho | Cont\u00e1ctenos.\",\"isPartOf\":{\"@id\":\"http:\/\/www.cargasmincho.cr\/contenido\/#website\"},\"datePublished\":\"2011-07-14T19:47:05+00:00\",\"dateModified\":\"2022-10-11T23:11:50+00:00\",\"description\":\"Cont\u00e1ctenos para que conozca m\u00e1s sobre nuestro equipo para transporte de carga sobredimencionada.\",\"breadcrumb\":{\"@id\":\"http:\/\/www.cargasmincho.cr\/contenido\/contactenos\/#breadcrumb\"},\"inLanguage\":\"es\",\"potentialAction\":[{\"@type\":\"ReadAction\",\"target\":[\"http:\/\/www.cargasmincho.cr\/contenido\/contactenos\/\"]}]},{\"@type\":\"BreadcrumbList\",\"@id\":\"http:\/\/www.cargasmincho.cr\/contenido\/contactenos\/#breadcrumb\",\"itemListElement\":[{\"@type\":\"ListItem\",\"position\":1,\"name\":\"Portada\",\"item\":\"http:\/\/www.cargasmincho.cr\/contenido\/\"},{\"@type\":\"ListItem\",\"position\":2,\"name\":\"Cont\u00e1ctenos\"}]},{\"@type\":\"WebSite\",\"@id\":\"http:\/\/www.cargasmincho.cr\/contenido\/#website\",\"url\":\"http:\/\/www.cargasmincho.cr\/contenido\/\",\"name\":\"Cargas Mincho\",\"description\":\"Transporte de cargas especiales.\",\"potentialAction\":[{\"@type\":\"SearchAction\",\"target\":{\"@type\":\"EntryPoint\",\"urlTemplate\":\"http:\/\/www.cargasmincho.cr\/contenido\/?s={search_term_string}\"},\"query-input\":{\"@type\":\"PropertyValueSpecification\",\"valueRequired\":true,\"valueName\":\"search_term_string\"}}],\"inLanguage\":\"es\"}]}<\/script>\n<!-- \/ Yoast SEO plugin. -->","yoast_head_json":{"title":"Cargas Mincho | Cont\u00e1ctenos.","description":"Cont\u00e1ctenos para que conozca m\u00e1s sobre nuestro equipo para transporte de carga sobredimencionada.","robots":{"index":"index","follow":"follow","max-snippet":"max-snippet:-1","max-image-preview":"max-image-preview:large","max-video-preview":"max-video-preview:-1"},"canonical":"http:\/\/www.cargasmincho.cr\/contenido\/contactenos\/","og_locale":"es_ES","og_type":"article","og_title":"Cargas Mincho | Cont\u00e1ctenos.","og_description":"Cont\u00e1ctenos para que conozca m\u00e1s sobre nuestro equipo para transporte de carga sobredimencionada.","og_url":"http:\/\/www.cargasmincho.cr\/contenido\/contactenos\/","og_site_name":"Cargas Mincho","article_modified_time":"2022-10-11T23:11:50+00:00","twitter_card":"summary_large_image","schema":{"@context":"https:\/\/schema.org","@graph":[{"@type":"WebPage","@id":"http:\/\/www.cargasmincho.cr\/contenido\/contactenos\/","url":"http:\/\/www.cargasmincho.cr\/contenido\/contactenos\/","name":"Cargas Mincho | Cont\u00e1ctenos.","isPartOf":{"@id":"http:\/\/www.cargasmincho.cr\/contenido\/#website"},"datePublished":"2011-07-14T19:47:05+00:00","dateModified":"2022-10-11T23:11:50+00:00","description":"Cont\u00e1ctenos para que conozca m\u00e1s sobre nuestro equipo para transporte de carga sobredimencionada.","breadcrumb":{"@id":"http:\/\/www.cargasmincho.cr\/contenido\/contactenos\/#breadcrumb"},"inLanguage":"es","potentialAction":[{"@type":"ReadAction","target":["http:\/\/www.cargasmincho.cr\/contenido\/contactenos\/"]}]},{"@type":"BreadcrumbList","@id":"http:\/\/www.cargasmincho.cr\/contenido\/contactenos\/#breadcrumb","itemListElement":[{"@type":"ListItem","position":1,"name":"Portada","item":"http:\/\/www.cargasmincho.cr\/contenido\/"},{"@type":"ListItem","position":2,"name":"Cont\u00e1ctenos"}]},{"@type":"WebSite","@id":"http:\/\/www.cargasmincho.cr\/contenido\/#website","url":"http:\/\/www.cargasmincho.cr\/contenido\/","name":"Cargas Mincho","description":"Transporte de cargas especiales.","potentialAction":[{"@type":"SearchAction","target":{"@type":"EntryPoint","urlTemplate":"http:\/\/www.cargasmincho.cr\/contenido\/?s={search_term_string}"},"query-input":{"@type":"PropertyValueSpecification","valueRequired":true,"valueName":"search_term_string"}}],"inLanguage":"es"}]}},"_links":{"self":[{"href":"http:\/\/www.cargasmincho.cr\/contenido\/wp-json\/wp\/v2\/pages\/2089","targetHints":{"allow":["GET"]}}],"collection":[{"href":"http:\/\/www.cargasmincho.cr\/contenido\/wp-json\/wp\/v2\/pages"}],"about":[{"href":"http:\/\/www.cargasmincho.cr\/contenido\/wp-json\/wp\/v2\/types\/page"}],"author":[{"embeddable":true,"href":"http:\/\/www.cargasmincho.cr\/contenido\/wp-json\/wp\/v2\/users\/1"}],"replies":[{"embeddable":true,"href":"http:\/\/www.cargasmincho.cr\/contenido\/wp-json\/wp\/v2\/comments?post=2089"}],"version-history":[{"count":26,"href":"http:\/\/www.cargasmincho.cr\/contenido\/wp-json\/wp\/v2\/pages\/2089\/revisions"}],"predecessor-version":[{"id":2804,"href":"http:\/\/www.cargasmincho.cr\/contenido\/wp-json\/wp\/v2\/pages\/2089\/revisions\/2804"}],"wp:attachment":[{"href":"http:\/\/www.cargasmincho.cr\/contenido\/wp-json\/wp\/v2\/media?parent=2089"}],"curies":[{"name":"wp","href":"https:\/\/api.w.org\/{rel}","templated":true}]}}